{"id":1572,"date":"2024-08-15T17:35:23","date_gmt":"2024-08-15T15:35:23","guid":{"rendered":"https:\/\/argutdessus.fr\/?page_id=1572"},"modified":"2024-08-15T17:52:45","modified_gmt":"2024-08-15T15:52:45","slug":"prevision-meteo","status":"publish","type":"page","link":"https:\/\/argutdessus.fr\/index.php\/prevision-meteo\/","title":{"rendered":"Pr\u00e9vision M\u00e9t\u00e9o"},"content":{"rendered":"\n<style> \n  iframe { \n    display: block; \n    margin: 0 auto; \n  } \n<\/style>\n<iframe src=\"https:\/\/www.meteoblue.com\/fr\/weather\/widget\/three\/argut-dessus_france_3036971?geoloc=fixed&#038;nocurrent=0&#038;noforecast=0&#038;days=7&#038;tempunit=CELSIUS&#038;windunit=KILOMETER_PER_HOUR&#038;layout=image\"  frameborder=\"0\" scrolling=\"NO\" allowtransparency=\"true\" sandbox=\"allow-same-origin allow-scripts allow-popups allow-popups-to-escape-sandbox\" style=\"width: 805px; height: 613px\"><\/iframe><div><!-- DO NOT REMOVE THIS LINK --><a href=\"https:\/\/www.meteoblue.com\/en\/weather\/week\/argut-dessus_france_3036971?utm_source=three_widget&#038;utm_medium=linkus&#038;utm_content=three&#038;utm_campaign=Weather%2BWidget\" target=\"_blank\" rel=\"noopener\">meteoblue<\/a><\/div>\n\n\n\n<style> \n  iframe { \n    display: block; \n    margin: 0 auto; \n  } \n<\/style>\n<iframe src=\"https:\/\/www.meteoblue.com\/fr\/weather\/widget\/daily\/argut-dessus_france_3036971?geoloc=fixed&#038;days=7&#038;tempunit=CELSIUS&#038;windunit=KILOMETER_PER_HOUR&#038;precipunit=MILLIMETER&#038;coloured=coloured&#038;pictoicon=0&#038;pictoicon=1&#038;maxtemperature=0&#038;maxtemperature=1&#038;mintemperature=0&#038;mintemperature=1&#038;windspeed=0&#038;windspeed=1&#038;windgust=0&#038;winddirection=0&#038;winddirection=1&#038;uv=0&#038;humidity=0&#038;humidity=1&#038;precipitation=0&#038;precipitation=1&#038;precipitationprobability=0&#038;precipitationprobability=1&#038;spot=0&#038;spot=1&#038;pressure=0&#038;pressure=1&#038;layout=light\" frameborder=\"0\" scrolling=\"NO\" allowtransparency=\"true\" sandbox=\"allow-same-origin allow-scripts allow-popups allow-popups-to-escape-sandbox\" style=\"width: 800px; height: 600px\" ><\/iframe><div><!-- DO NOT REMOVE THIS LINK --><a href=\"https:\/\/www.meteoblue.com\/en\/weather\/week\/argut-dessus_france_3036971?utm_source=daily_widget&#038;utm_medium=linkus&#038;utm_content=daily&#038;utm_campaign=Weather%2BWidget\" target=\"_blank\" rel=\"noopener\">meteoblue<\/a><\/div>\n\n\n\n<style> \n  iframe { \n    display: block; \n    margin: 0 auto; \n  } \n<\/style>\n<iframe src=\"https:\/\/www.meteoblue.com\/fr\/weather\/maps\/widget\/argut-dessus_france_3036971?windAnimation=0&#038;windAnimation=1&#038;gust=0&#038;gust=1&#038;satellite=0&#038;satellite=1&#038;cloudsAndPrecipitation=0&#038;cloudsAndPrecipitation=1&#038;temperature=0&#038;temperature=1&#038;sunshine=0&#038;sunshine=1&#038;extremeForecastIndex=0&#038;extremeForecastIndex=1&#038;geoloc=fixed&#038;tempunit=C&#038;windunit=km%252Fh&#038;lengthunit=metric&#038;zoom=8&#038;autowidth=auto\"  frameborder=\"0\" scrolling=\"NO\" allowtransparency=\"true\" sandbox=\"allow-same-origin allow-scripts allow-popups allow-popups-to-escape-sandbox\" style=\"width: 100%; height: 720px\"><\/iframe><div><!-- DO NOT REMOVE THIS LINK --><a href=\"https:\/\/www.meteoblue.com\/en\/weather\/maps\/argut-dessus_france_3036971?utm_source=map_widget&#038;utm_medium=linkus&#038;utm_content=map&#038;utm_campaign=Weather%2BWidget\" target=\"_blank\" rel=\"noopener\">meteoblue<\/a><\/div>\n","protected":false},"excerpt":{"rendered":"<p>meteoblue meteoblue meteoblue<\/p>\n","protected":false},"author":1,"featured_media":0,"parent":0,"menu_order":0,"comment_status":"closed","ping_status":"closed","template":"","meta":{"footnotes":""},"class_list":["post-1572","page","type-page","status-publish","hentry"],"jetpack_sharing_enabled":true,"_links":{"self":[{"href":"https:\/\/argutdessus.fr\/index.php\/wp-json\/wp\/v2\/pages\/1572","targetHints":{"allow":["GET"]}}],"collection":[{"href":"https:\/\/argutdessus.fr\/index.php\/wp-json\/wp\/v2\/pages"}],"about":[{"href":"https:\/\/argutdessus.fr\/index.php\/wp-json\/wp\/v2\/types\/page"}],"author":[{"embeddable":true,"href":"https:\/\/argutdessus.fr\/index.php\/wp-json\/wp\/v2\/users\/1"}],"replies":[{"embeddable":true,"href":"https:\/\/argutdessus.fr\/index.php\/wp-json\/wp\/v2\/comments?post=1572"}],"version-history":[{"count":5,"href":"https:\/\/argutdessus.fr\/index.php\/wp-json\/wp\/v2\/pages\/1572\/revisions"}],"predecessor-version":[{"id":1585,"href":"https:\/\/argutdessus.fr\/index.php\/wp-json\/wp\/v2\/pages\/1572\/revisions\/1585"}],"wp:attachment":[{"href":"https:\/\/argutdessus.fr\/index.php\/wp-json\/wp\/v2\/media?parent=1572"}],"curies":[{"name":"wp","href":"https:\/\/api.w.org\/{rel}","templated":true}]}}